{"id":14887,"date":"2022-08-05T13:05:18","date_gmt":"2022-08-05T11:05:18","guid":{"rendered":"https:\/\/www.techtablet.fr\/?page_id=14887"},"modified":"2025-04-08T15:32:58","modified_gmt":"2025-04-08T13:32:58","slug":"about-us","status":"publish","type":"page","link":"https:\/\/www.techtablet.fr\/en\/about-us\/","title":{"rendered":"About us"},"content":{"rendered":"<div data-elementor-type=\"wp-page\" data-elementor-id=\"14887\" class=\"elementor elementor-14887\">\n\t\t\t\t\t\t<section class=\"elementor-section elementor-top-section elementor-element elementor-element-b69df54 elementor-section-boxed elementor-section-height-default elementor-section-height-default\" data-id=\"b69df54\" data-element_type=\"section\">\n\t\t\t\t\t\t<div class=\"elementor-container elementor-column-gap-default\">\n\t\t\t\t\t<div class=\"elementor-column elementor-col-100 elementor-top-column elementor-element elementor-element-0dfd181\" data-id=\"0dfd181\" data-element_type=\"column\">\n\t\t\t<div class=\"elementor-widget-wrap elementor-element-populated\">\n\t\t\t\t\t\t<div class=\"elementor-element elementor-element-14826b1 elementor-widget elementor-widget-heading\" data-id=\"14826b1\" data-element_type=\"widget\" data-widget_type=\"heading.default\">\n\t\t\t\t<div class=\"elementor-widget-container\">\n\t\t\t\t\t<h1 class=\"elementor-heading-title elementor-size-default\">Our Story<\/h1>\t\t\t\t<\/div>\n\t\t\t\t<\/div>\n\t\t\t\t\t<\/div>\n\t\t<\/div>\n\t\t\t\t\t<\/div>\n\t\t<\/section>\n\t\t\t\t<section class=\"elementor-section elementor-top-section elementor-element elementor-element-34d41f6 elementor-section-boxed elementor-section-height-default elementor-section-height-default\" data-id=\"34d41f6\" data-element_type=\"section\">\n\t\t\t\t\t\t<div class=\"elementor-container elementor-column-gap-default\">\n\t\t\t\t\t<div class=\"elementor-column elementor-col-100 elementor-top-column elementor-element elementor-element-9c3c45e\" data-id=\"9c3c45e\" data-element_type=\"column\">\n\t\t\t<div class=\"elementor-widget-wrap elementor-element-populated\">\n\t\t\t\t\t\t<section class=\"elementor-section elementor-inner-section elementor-element elementor-element-10b16d1 elementor-section-boxed elementor-section-height-default elementor-section-height-default\" data-id=\"10b16d1\" data-element_type=\"section\">\n\t\t\t\t\t\t<div class=\"elementor-container elementor-column-gap-default\">\n\t\t\t\t\t<div class=\"elementor-column elementor-col-50 elementor-inner-column elementor-element elementor-element-c59aed7\" data-id=\"c59aed7\" data-element_type=\"column\">\n\t\t\t<div class=\"elementor-widget-wrap elementor-element-populated\">\n\t\t\t\t\t\t<div class=\"elementor-element elementor-element-712cace elementor-widget elementor-widget-heading\" data-id=\"712cace\" data-element_type=\"widget\" data-widget_type=\"heading.default\">\n\t\t\t\t<div class=\"elementor-widget-container\">\n\t\t\t\t\t<h2 class=\"elementor-heading-title elementor-size-default\"><span style=\"font-size: 21px\">How Tech Tablet was created<\/span><\/h2>\t\t\t\t<\/div>\n\t\t\t\t<\/div>\n\t\t\t\t<div class=\"elementor-element elementor-element-d74834b elementor-widget elementor-widget-text-editor\" data-id=\"d74834b\" data-element_type=\"widget\" data-widget_type=\"text-editor.default\">\n\t\t\t\t<div class=\"elementor-widget-container\">\n\t\t\t\t\t\t\t\t\t<p><span style=\"font-size: 15px;\">In 2013, Steve Queroub bought a non-Apple tablet and realised how complicated it was to<br \/>find accessories. This led to the creation of Tech Tablet, a supplier of cases for tablets, before rapidly expanding its range to include all mobile accessories.<\/span><\/p>\t\t\t\t\t\t\t\t<\/div>\n\t\t\t\t<\/div>\n\t\t\t\t<div class=\"elementor-element elementor-element-c0bc13d elementor-widget elementor-widget-text-editor\" data-id=\"c0bc13d\" data-element_type=\"widget\" data-widget_type=\"text-editor.default\">\n\t\t\t\t<div class=\"elementor-widget-container\">\n\t\t\t\t\t\t\t\t\t<p><span style=\"font-size: 15px;\">Tech Tablet found almost immediate success and the number of catalogue items is rapidly growing. Steve then joined forces with his friend of more than 20 years, Sandy Th\u00e9venon, who had just sold his start-up company specialising in GPS tracking.<\/span><\/p>\t\t\t\t\t\t\t\t<\/div>\n\t\t\t\t<\/div>\n\t\t\t\t<div class=\"elementor-element elementor-element-c76fe1a elementor-widget elementor-widget-text-editor\" data-id=\"c76fe1a\" data-element_type=\"widget\" data-widget_type=\"text-editor.default\">\n\t\t\t\t<div class=\"elementor-widget-container\">\n\t\t\t\t\t\t\t\t\t<p><span style=\"font-size: 15px;\">The synergy between their 2 profiles - one of them being more business focused and the other more technically-minded - is enabling Tech Tablet to begin a new and promising chapter in its story.<\/span><\/p>\t\t\t\t\t\t\t\t<\/div>\n\t\t\t\t<\/div>\n\t\t\t\t\t<\/div>\n\t\t<\/div>\n\t\t\t\t<div class=\"elementor-column elementor-col-50 elementor-inner-column elementor-element elementor-element-3893877\" data-id=\"3893877\" data-element_type=\"column\">\n\t\t\t<div class=\"elementor-widget-wrap elementor-element-populated\">\n\t\t\t\t\t\t<div class=\"elementor-element elementor-element-1115b8d elementor-widget elementor-widget-image\" data-id=\"1115b8d\" data-element_type=\"widget\" data-widget_type=\"image.default\">\n\t\t\t\t<div class=\"elementor-widget-container\">\n\t\t\t\t\t\t\t\t\t\t\t\t\t\t\t<img fetchpriority=\"high\" decoding=\"async\" width=\"769\" height=\"666\" src=\"https:\/\/www.techtablet.fr\/wp-content\/uploads\/2022\/08\/aboutus-1-1.jpg\" class=\"attachment-full size-full wp-image-15233\" alt=\"\" srcset=\"https:\/\/www.techtablet.fr\/wp-content\/uploads\/2022\/08\/aboutus-1-1.jpg 769w, https:\/\/www.techtablet.fr\/wp-content\/uploads\/2022\/08\/aboutus-1-1-300x260.jpg 300w, https:\/\/www.techtablet.fr\/wp-content\/uploads\/2022\/08\/aboutus-1-1-14x12.jpg 14w\" sizes=\"(max-width: 769px) 100vw, 769px\" \/>\t\t\t\t\t\t\t\t\t\t\t\t\t\t\t<\/div>\n\t\t\t\t<\/div>\n\t\t\t\t\t<\/div>\n\t\t<\/div>\n\t\t\t\t\t<\/div>\n\t\t<\/section>\n\t\t\t\t<section class=\"elementor-section elementor-inner-section elementor-element elementor-element-c6bbf46 elementor-section-boxed elementor-section-height-default elementor-section-height-default\" data-id=\"c6bbf46\" data-element_type=\"section\">\n\t\t\t\t\t\t<div class=\"elementor-container elementor-column-gap-default\">\n\t\t\t\t\t<div class=\"elementor-column elementor-col-100 elementor-inner-column elementor-element elementor-element-b393dc2\" data-id=\"b393dc2\" data-element_type=\"column\" data-settings=\"{&quot;background_background&quot;:&quot;classic&quot;}\">\n\t\t\t<div class=\"elementor-widget-wrap elementor-element-populated\">\n\t\t\t\t\t\t<div class=\"elementor-element elementor-element-1f6dd9a elementor-widget elementor-widget-text-editor\" data-id=\"1f6dd9a\" data-element_type=\"widget\" data-widget_type=\"text-editor.default\">\n\t\t\t\t<div class=\"elementor-widget-container\">\n\t\t\t\t\t\t\t\t\t<span style=\"font-size: 17px;\">Steve is joining forces with his friend of 20 years, Sandy<\/span>\t\t\t\t\t\t\t\t<\/div>\n\t\t\t\t<\/div>\n\t\t\t\t\t<\/div>\n\t\t<\/div>\n\t\t\t\t\t<\/div>\n\t\t<\/section>\n\t\t\t\t\t<\/div>\n\t\t<\/div>\n\t\t\t\t\t<\/div>\n\t\t<\/section>\n\t\t\t\t<section class=\"elementor-section elementor-top-section elementor-element elementor-element-8d5c6b5 elementor-section-boxed elementor-section-height-default elementor-section-height-default\" data-id=\"8d5c6b5\" data-element_type=\"section\">\n\t\t\t\t\t\t<div class=\"elementor-container elementor-column-gap-default\">\n\t\t\t\t\t<div class=\"elementor-column elementor-col-100 elementor-top-column elementor-element elementor-element-383f41c\" data-id=\"383f41c\" data-element_type=\"column\">\n\t\t\t<div class=\"elementor-widget-wrap elementor-element-populated\">\n\t\t\t\t\t\t<section class=\"elementor-section elementor-inner-section elementor-element elementor-element-79a6ad3 elementor-section-boxed elementor-section-height-default elementor-section-height-default\" data-id=\"79a6ad3\" data-element_type=\"section\">\n\t\t\t\t\t\t<div class=\"elementor-container elementor-column-gap-default\">\n\t\t\t\t\t<div class=\"elementor-column elementor-col-50 elementor-inner-column elementor-element elementor-element-9c4784f\" data-id=\"9c4784f\" data-element_type=\"column\">\n\t\t\t<div class=\"elementor-widget-wrap elementor-element-populated\">\n\t\t\t\t\t\t<div class=\"elementor-element elementor-element-759d43a elementor-widget elementor-widget-image\" data-id=\"759d43a\" data-element_type=\"widget\" data-widget_type=\"image.default\">\n\t\t\t\t<div class=\"elementor-widget-container\">\n\t\t\t\t\t\t\t\t\t\t\t\t\t\t\t<img decoding=\"async\" width=\"769\" height=\"845\" src=\"https:\/\/www.techtablet.fr\/wp-content\/uploads\/2022\/08\/aboutus-2.jpg\" class=\"attachment-full size-full wp-image-15149\" alt=\"\" srcset=\"https:\/\/www.techtablet.fr\/wp-content\/uploads\/2022\/08\/aboutus-2.jpg 769w, https:\/\/www.techtablet.fr\/wp-content\/uploads\/2022\/08\/aboutus-2-273x300.jpg 273w, https:\/\/www.techtablet.fr\/wp-content\/uploads\/2022\/08\/aboutus-2-11x12.jpg 11w\" sizes=\"(max-width: 769px) 100vw, 769px\" \/>\t\t\t\t\t\t\t\t\t\t\t\t\t\t\t<\/div>\n\t\t\t\t<\/div>\n\t\t\t\t\t<\/div>\n\t\t<\/div>\n\t\t\t\t<div class=\"elementor-column elementor-col-50 elementor-inner-column elementor-element elementor-element-610eb06\" data-id=\"610eb06\" data-element_type=\"column\">\n\t\t\t<div class=\"elementor-widget-wrap elementor-element-populated\">\n\t\t\t\t\t\t<div class=\"elementor-element elementor-element-817e38f elementor-widget elementor-widget-heading\" data-id=\"817e38f\" data-element_type=\"widget\" data-widget_type=\"heading.default\">\n\t\t\t\t<div class=\"elementor-widget-container\">\n\t\t\t\t\t<h2 class=\"elementor-heading-title elementor-size-default\"><span style=\"font-size: 21px\">Zana\u00e9: friends first and foremost<\/span><\/h2>\t\t\t\t<\/div>\n\t\t\t\t<\/div>\n\t\t\t\t<div class=\"elementor-element elementor-element-f5f80f3 elementor-widget elementor-widget-text-editor\" data-id=\"f5f80f3\" data-element_type=\"widget\" data-widget_type=\"text-editor.default\">\n\t\t\t\t<div class=\"elementor-widget-container\">\n\t\t\t\t\t\t\t\t\t<span style=\"font-size: 15px;\">Steve Queroub and Sandy Th\u00e9venon, partners in the Tech Tablet company, were faced with a problem of the telephony market: professionals and resellers in the industry were facing difficulties with procurement, logistics and a product selection that was often too small and which was largely aimed at Apple\u2019s products.<\/span>\t\t\t\t\t\t\t\t<\/div>\n\t\t\t\t<\/div>\n\t\t\t\t<div class=\"elementor-element elementor-element-450d0ff elementor-widget elementor-widget-image\" data-id=\"450d0ff\" data-element_type=\"widget\" data-widget_type=\"image.default\">\n\t\t\t\t<div class=\"elementor-widget-container\">\n\t\t\t\t\t\t\t\t\t\t\t\t\t\t\t<img decoding=\"async\" width=\"769\" height=\"526\" src=\"https:\/\/www.techtablet.fr\/wp-content\/uploads\/2022\/08\/aboutus-3_en.png\" class=\"attachment-full size-full wp-image-14989\" alt=\"\" srcset=\"https:\/\/www.techtablet.fr\/wp-content\/uploads\/2022\/08\/aboutus-3_en.png 769w, https:\/\/www.techtablet.fr\/wp-content\/uploads\/2022\/08\/aboutus-3_en-300x205.png 300w, https:\/\/www.techtablet.fr\/wp-content\/uploads\/2022\/08\/aboutus-3_en-18x12.png 18w\" sizes=\"(max-width: 769px) 100vw, 769px\" \/>\t\t\t\t\t\t\t\t\t\t\t\t\t\t\t<\/div>\n\t\t\t\t<\/div>\n\t\t\t\t\t<\/div>\n\t\t<\/div>\n\t\t\t\t\t<\/div>\n\t\t<\/section>\n\t\t\t\t\t<\/div>\n\t\t<\/div>\n\t\t\t\t\t<\/div>\n\t\t<\/section>\n\t\t\t\t<section class=\"elementor-section elementor-top-section elementor-element elementor-element-90f969b elementor-section-boxed elementor-section-height-default elementor-section-height-default\" data-id=\"90f969b\" data-element_type=\"section\">\n\t\t\t\t\t\t<div class=\"elementor-container elementor-column-gap-default\">\n\t\t\t\t\t<div class=\"elementor-column elementor-col-100 elementor-top-column elementor-element elementor-element-41526bc\" data-id=\"41526bc\" data-element_type=\"column\">\n\t\t\t<div class=\"elementor-widget-wrap elementor-element-populated\">\n\t\t\t\t\t\t<section class=\"elementor-section elementor-inner-section elementor-element elementor-element-d6f5dfc elementor-reverse-mobile elementor-section-boxed elementor-section-height-default elementor-section-height-default\" data-id=\"d6f5dfc\" data-element_type=\"section\">\n\t\t\t\t\t\t<div class=\"elementor-container elementor-column-gap-default\">\n\t\t\t\t\t<div class=\"elementor-column elementor-col-50 elementor-inner-column elementor-element elementor-element-87c1961\" data-id=\"87c1961\" data-element_type=\"column\">\n\t\t\t<div class=\"elementor-widget-wrap elementor-element-populated\">\n\t\t\t\t\t\t<div class=\"elementor-element elementor-element-d3d80a9 elementor-widget elementor-widget-image\" data-id=\"d3d80a9\" data-element_type=\"widget\" data-widget_type=\"image.default\">\n\t\t\t\t<div class=\"elementor-widget-container\">\n\t\t\t\t\t\t\t\t\t\t\t\t\t\t\t<img loading=\"lazy\" decoding=\"async\" width=\"769\" height=\"511\" src=\"https:\/\/www.techtablet.fr\/wp-content\/uploads\/2022\/08\/aboutus-4.jpg\" class=\"attachment-full size-full wp-image-15021\" alt=\"\" srcset=\"https:\/\/www.techtablet.fr\/wp-content\/uploads\/2022\/08\/aboutus-4.jpg 769w, https:\/\/www.techtablet.fr\/wp-content\/uploads\/2022\/08\/aboutus-4-300x199.jpg 300w, https:\/\/www.techtablet.fr\/wp-content\/uploads\/2022\/08\/aboutus-4-18x12.jpg 18w\" sizes=\"(max-width: 769px) 100vw, 769px\" \/>\t\t\t\t\t\t\t\t\t\t\t\t\t\t\t<\/div>\n\t\t\t\t<\/div>\n\t\t\t\t\t<\/div>\n\t\t<\/div>\n\t\t\t\t<div class=\"elementor-column elementor-col-50 elementor-inner-column elementor-element elementor-element-57ca410\" data-id=\"57ca410\" data-element_type=\"column\">\n\t\t\t<div class=\"elementor-widget-wrap elementor-element-populated\">\n\t\t\t\t\t\t<div class=\"elementor-element elementor-element-6d1397f elementor-widget elementor-widget-text-editor\" data-id=\"6d1397f\" data-element_type=\"widget\" data-widget_type=\"text-editor.default\">\n\t\t\t\t<div class=\"elementor-widget-container\">\n\t\t\t\t\t\t\t\t\t<span style=\"font-size: 15px;\">Steve manages the sales, set up, installation support on retailers\u2019 premises and merchandising departments. As for Sandy, he has created an innovative algorithm. Initially a buyer\u2019s virtual assistant support tool, it has become increasingly autonomous through the use of machine learning. Today it is the central pillar around which purchases are organised.<\/span>\t\t\t\t\t\t\t\t<\/div>\n\t\t\t\t<\/div>\n\t\t\t\t\t<\/div>\n\t\t<\/div>\n\t\t\t\t\t<\/div>\n\t\t<\/section>\n\t\t\t\t\t<\/div>\n\t\t<\/div>\n\t\t\t\t\t<\/div>\n\t\t<\/section>\n\t\t\t\t<section class=\"elementor-section elementor-top-section elementor-element elementor-element-9f79643 elementor-section-boxed elementor-section-height-default elementor-section-height-default\" data-id=\"9f79643\" data-element_type=\"section\">\n\t\t\t\t\t\t<div class=\"elementor-container elementor-column-gap-default\">\n\t\t\t\t\t<div class=\"elementor-column elementor-col-100 elementor-top-column elementor-element elementor-element-8e8504d\" data-id=\"8e8504d\" data-element_type=\"column\">\n\t\t\t<div class=\"elementor-widget-wrap elementor-element-populated\">\n\t\t\t\t\t\t<section class=\"elementor-section elementor-inner-section elementor-element elementor-element-f641b89 elementor-section-boxed elementor-section-height-default elementor-section-height-default\" data-id=\"f641b89\" data-element_type=\"section\">\n\t\t\t\t\t\t<div class=\"elementor-container elementor-column-gap-default\">\n\t\t\t\t\t<div class=\"elementor-column elementor-col-50 elementor-inner-column elementor-element elementor-element-63a40e2\" data-id=\"63a40e2\" data-element_type=\"column\">\n\t\t\t<div class=\"elementor-widget-wrap elementor-element-populated\">\n\t\t\t\t\t\t<div class=\"elementor-element elementor-element-4447124 elementor-widget elementor-widget-text-editor\" data-id=\"4447124\" data-element_type=\"widget\" data-widget_type=\"text-editor.default\">\n\t\t\t\t<div class=\"elementor-widget-container\">\n\t\t\t\t\t\t\t\t\t<span style=\"font-size: 15px;\">The speed and reliability of Zana\u00e9\u2019s provision of supplies, its effective merchandising tools, marketing and on-site installation on the customer\u2019s premises, its ability to have a furnished catalogue and the 800 phone models that it includes accessories for are things that quickly gave the brand its success.<\/span>\t\t\t\t\t\t\t\t<\/div>\n\t\t\t\t<\/div>\n\t\t\t\t<div class=\"elementor-element elementor-element-0801159 elementor-widget elementor-widget-text-editor\" data-id=\"0801159\" data-element_type=\"widget\" data-widget_type=\"text-editor.default\">\n\t\t\t\t<div class=\"elementor-widget-container\">\n\t\t\t\t\t\t\t\t\t<span style=\"font-size: 15px;\">Word of mouth has enabled Zana\u00e9 to establish itself in more than a hundred points of sale in less than a year, primarily within independent shops.<\/span>\t\t\t\t\t\t\t\t<\/div>\n\t\t\t\t<\/div>\n\t\t\t\t\t<\/div>\n\t\t<\/div>\n\t\t\t\t<div class=\"elementor-column elementor-col-50 elementor-inner-column elementor-element elementor-element-f4e236e\" data-id=\"f4e236e\" data-element_type=\"column\">\n\t\t\t<div class=\"elementor-widget-wrap elementor-element-populated\">\n\t\t\t\t\t\t<div class=\"elementor-element elementor-element-b359536 elementor-widget elementor-widget-image\" data-id=\"b359536\" data-element_type=\"widget\" data-widget_type=\"image.default\">\n\t\t\t\t<div class=\"elementor-widget-container\">\n\t\t\t\t\t\t\t\t\t\t\t\t\t\t\t<img loading=\"lazy\" decoding=\"async\" width=\"769\" height=\"645\" src=\"https:\/\/www.techtablet.fr\/wp-content\/uploads\/2022\/08\/aboutus-5.jpg\" class=\"attachment-full size-full wp-image-15022\" alt=\"\" srcset=\"https:\/\/www.techtablet.fr\/wp-content\/uploads\/2022\/08\/aboutus-5.jpg 769w, https:\/\/www.techtablet.fr\/wp-content\/uploads\/2022\/08\/aboutus-5-300x252.jpg 300w, https:\/\/www.techtablet.fr\/wp-content\/uploads\/2022\/08\/aboutus-5-14x12.jpg 14w\" sizes=\"(max-width: 769px) 100vw, 769px\" \/>\t\t\t\t\t\t\t\t\t\t\t\t\t\t\t<\/div>\n\t\t\t\t<\/div>\n\t\t\t\t\t<\/div>\n\t\t<\/div>\n\t\t\t\t\t<\/div>\n\t\t<\/section>\n\t\t\t\t<section class=\"elementor-section elementor-inner-section elementor-element elementor-element-1b0f138 elementor-section-boxed elementor-section-height-default elementor-section-height-default\" data-id=\"1b0f138\" data-element_type=\"section\">\n\t\t\t\t\t\t<div class=\"elementor-container elementor-column-gap-default\">\n\t\t\t\t\t<div class=\"elementor-column elementor-col-100 elementor-inner-column elementor-element elementor-element-8dc8d52\" data-id=\"8dc8d52\" data-element_type=\"column\" data-settings=\"{&quot;background_background&quot;:&quot;classic&quot;}\">\n\t\t\t<div class=\"elementor-widget-wrap elementor-element-populated\">\n\t\t\t\t\t\t<div class=\"elementor-element elementor-element-b8d20bb elementor-widget elementor-widget-text-editor\" data-id=\"b8d20bb\" data-element_type=\"widget\" data-widget_type=\"text-editor.default\">\n\t\t\t\t<div class=\"elementor-widget-container\">\n\t\t\t\t\t\t\t\t\t<p>800 handset references, over 600 points of sale<\/p>\t\t\t\t\t\t\t\t<\/div>\n\t\t\t\t<\/div>\n\t\t\t\t\t<\/div>\n\t\t<\/div>\n\t\t\t\t\t<\/div>\n\t\t<\/section>\n\t\t\t\t\t<\/div>\n\t\t<\/div>\n\t\t\t\t\t<\/div>\n\t\t<\/section>\n\t\t\t\t<section class=\"elementor-section elementor-top-section elementor-element elementor-element-d4124fb elementor-section-boxed elementor-section-height-default elementor-section-height-default\" data-id=\"d4124fb\" data-element_type=\"section\">\n\t\t\t\t\t\t<div class=\"elementor-container elementor-column-gap-default\">\n\t\t\t\t\t<div class=\"elementor-column elementor-col-100 elementor-top-column elementor-element elementor-element-21232a7\" data-id=\"21232a7\" data-element_type=\"column\">\n\t\t\t<div class=\"elementor-widget-wrap elementor-element-populated\">\n\t\t\t\t\t\t<section class=\"elementor-section elementor-inner-section elementor-element elementor-element-32fe801 elementor-section-boxed elementor-section-height-default elementor-section-height-default\" data-id=\"32fe801\" data-element_type=\"section\">\n\t\t\t\t\t\t<div class=\"elementor-container elementor-column-gap-default\">\n\t\t\t\t\t<div class=\"elementor-column elementor-col-50 elementor-inner-column elementor-element elementor-element-6b41fae\" data-id=\"6b41fae\" data-element_type=\"column\">\n\t\t\t<div class=\"elementor-widget-wrap elementor-element-populated\">\n\t\t\t\t\t\t<div class=\"elementor-element elementor-element-4a6584b elementor-widget elementor-widget-text-editor\" data-id=\"4a6584b\" data-element_type=\"widget\" data-widget_type=\"text-editor.default\">\n\t\t\t\t<div class=\"elementor-widget-container\">\n\t\t\t\t\t\t\t\t\t<span style=\"font-size: 15px;\">In 2018, Zana\u00e9 saw itself listed at Euro Information T\u00e9l\u00e9com, the largest French MVNO, and at Laposte Mobile. In 2021, a contract was signed with the French supermarket and hypermarket chains Leclerc, Intermarch\u00e9 and Auchan.<\/span>\t\t\t\t\t\t\t\t<\/div>\n\t\t\t\t<\/div>\n\t\t\t\t<div class=\"elementor-element elementor-element-69f92b5 elementor-widget elementor-widget-text-editor\" data-id=\"69f92b5\" data-element_type=\"widget\" data-widget_type=\"text-editor.default\">\n\t\t\t\t<div class=\"elementor-widget-container\">\n\t\t\t\t\t\t\t\t\t<span style=\"font-size: 15px;\">In 2022, on the back of its French success, Zana\u00e9 decided to expand internationally by making its debut in September with one of Europe\u2019s oldest industrial exhibitions, the IFA in Berlin.<\/span>\t\t\t\t\t\t\t\t<\/div>\n\t\t\t\t<\/div>\n\t\t\t\t<div class=\"elementor-element elementor-element-85c2c8c elementor-widget elementor-widget-image\" data-id=\"85c2c8c\" data-element_type=\"widget\" data-widget_type=\"image.default\">\n\t\t\t\t<div class=\"elementor-widget-container\">\n\t\t\t\t\t\t\t\t\t\t\t\t\t\t\t<img loading=\"lazy\" decoding=\"async\" width=\"745\" height=\"530\" src=\"https:\/\/www.techtablet.fr\/wp-content\/uploads\/2022\/08\/aboutus-6.jpg\" class=\"attachment-full size-full wp-image-15023\" alt=\"\" srcset=\"https:\/\/www.techtablet.fr\/wp-content\/uploads\/2022\/08\/aboutus-6.jpg 745w, https:\/\/www.techtablet.fr\/wp-content\/uploads\/2022\/08\/aboutus-6-300x213.jpg 300w, https:\/\/www.techtablet.fr\/wp-content\/uploads\/2022\/08\/aboutus-6-18x12.jpg 18w\" sizes=\"(max-width: 745px) 100vw, 745px\" \/>\t\t\t\t\t\t\t\t\t\t\t\t\t\t\t<\/div>\n\t\t\t\t<\/div>\n\t\t\t\t\t<\/div>\n\t\t<\/div>\n\t\t\t\t<div class=\"elementor-column elementor-col-50 elementor-inner-column elementor-element elementor-element-001de73\" data-id=\"001de73\" data-element_type=\"column\">\n\t\t\t<div class=\"elementor-widget-wrap elementor-element-populated\">\n\t\t\t\t\t\t<div class=\"elementor-element elementor-element-eaef4f0 elementor-widget elementor-widget-image\" data-id=\"eaef4f0\" data-element_type=\"widget\" data-widget_type=\"image.default\">\n\t\t\t\t<div class=\"elementor-widget-container\">\n\t\t\t\t\t\t\t\t\t\t\t\t\t\t\t<img loading=\"lazy\" decoding=\"async\" width=\"769\" height=\"897\" src=\"https:\/\/www.techtablet.fr\/wp-content\/uploads\/2022\/08\/aboutus-7-1.jpg\" class=\"attachment-full size-full wp-image-15153\" alt=\"\" srcset=\"https:\/\/www.techtablet.fr\/wp-content\/uploads\/2022\/08\/aboutus-7-1.jpg 769w, https:\/\/www.techtablet.fr\/wp-content\/uploads\/2022\/08\/aboutus-7-1-257x300.jpg 257w, https:\/\/www.techtablet.fr\/wp-content\/uploads\/2022\/08\/aboutus-7-1-10x12.jpg 10w\" sizes=\"(max-width: 769px) 100vw, 769px\" \/>\t\t\t\t\t\t\t\t\t\t\t\t\t\t\t<\/div>\n\t\t\t\t<\/div>\n\t\t\t\t\t<\/div>\n\t\t<\/div>\n\t\t\t\t\t<\/div>\n\t\t<\/section>\n\t\t\t\t\t<\/div>\n\t\t<\/div>\n\t\t\t\t\t<\/div>\n\t\t<\/section>\n\t\t\t\t<\/div>","protected":false},"excerpt":{"rendered":"<p>About Tech Tablet The birth of Tech Tablet In 2013, Steve Queroub bought a non-Apple tablet and realised how complicated it was to find accessories. From this observation <a href=\"https:\/\/www.techtablet.fr\/en\/about-us\/\" rel=\"nofollow\"><span class=\"sr-only\">Read more about About us<\/span>[&#8230;]<\/a><\/p>","protected":false},"author":17,"featured_media":0,"parent":0,"menu_order":0,"comment_status":"closed","ping_status":"closed","template":"","meta":{"footnotes":""},"class_list":["post-14887","page","type-page","status-publish","hentry"],"_links":{"self":[{"href":"https:\/\/www.techtablet.fr\/en\/wp-json\/wp\/v2\/pages\/14887","targetHints":{"allow":["GET"]}}],"collection":[{"href":"https:\/\/www.techtablet.fr\/en\/wp-json\/wp\/v2\/pages"}],"about":[{"href":"https:\/\/www.techtablet.fr\/en\/wp-json\/wp\/v2\/types\/page"}],"author":[{"embeddable":true,"href":"https:\/\/www.techtablet.fr\/en\/wp-json\/wp\/v2\/users\/17"}],"replies":[{"embeddable":true,"href":"https:\/\/www.techtablet.fr\/en\/wp-json\/wp\/v2\/comments?post=14887"}],"version-history":[{"count":232,"href":"https:\/\/www.techtablet.fr\/en\/wp-json\/wp\/v2\/pages\/14887\/revisions"}],"predecessor-version":[{"id":23868,"href":"https:\/\/www.techtablet.fr\/en\/wp-json\/wp\/v2\/pages\/14887\/revisions\/23868"}],"wp:attachment":[{"href":"https:\/\/www.techtablet.fr\/en\/wp-json\/wp\/v2\/media?parent=14887"}],"curies":[{"name":"wp","href":"https:\/\/api.w.org\/{rel}","templated":true}]}}